{"id":49,"date":"2026-01-22T07:33:01","date_gmt":"2026-01-22T09:33:01","guid":{"rendered":"https:\/\/powertofield.com\/?page_id=49"},"modified":"2026-01-30T08:20:22","modified_gmt":"2026-01-30T10:20:22","slug":"julkiset-rakennukset","status":"publish","type":"page","link":"https:\/\/powertofield.com\/index.php\/julkiset-rakennukset\/","title":{"rendered":"Julkiset\u00a0rakennukset"},"content":{"rendered":"\n<p><strong>Kest\u00e4vi\u00e4 ja kustannustehokkaita kiinteist\u00f6j\u00e4<\/strong> Autamme julkisen sektorin toimijoita saavuttamaan kest\u00e4vyystavoitteet ja pit\u00e4m\u00e4\u00e4n k\u00e4ytt\u00f6kustannukset tiukasti hallinnassa.<\/p>\n\n\n\n<p>\u2022 <strong>Elinkaarimalli:<\/strong> Tarjoamme pitk\u00e4n aikav\u00e4lin yll\u00e4pidon ja p\u00e4ivitykset, varmistaen ett\u00e4 julkiset investoinnit pysyv\u00e4t toimivina vuosikymmeni\u00e4.<\/p>\n\n\n\n<p>\u2022 <strong>Energiatehokkuus:<\/strong> Veden, l\u00e4mm\u00f6n ja s\u00e4hk\u00f6n automaattinen ohjaus pienent\u00e4\u00e4 hiilijalanj\u00e4lke\u00e4 ja s\u00e4\u00e4st\u00e4\u00e4 verovaroja.<\/p>\n\n\n\n<p>\u2022 <strong>Luotettava infra:<\/strong> Kest\u00e4v\u00e4t latausratkaisut julkisille ajoneuvokannuille ja vieraspys\u00e4k\u00f6intiin, jotka joustavat kuormituksen mukaan.<\/p>\n\n\n\n<p>\u200b<\/p>\n\n\n\n<p>Ota yhteytt\u00e4, jotta voimme suunnitella etenemist\u00e4 yhdess\u00e4.\u200b<\/p>\n\n\n\n<p>\u200b<\/p>\n","protected":false},"excerpt":{"rendered":"<p>Kest\u00e4vi\u00e4 ja kustannustehokkaita kiinteist\u00f6j\u00e4 Autamme julkisen sektorin toimijoita saavuttamaan kest\u00e4vyystavoitteet ja pit\u00e4m\u00e4\u00e4n k\u00e4ytt\u00f6kustannukset tiukasti hallinnassa. \u2022 Elinkaarimalli: Tarjoamme pitk\u00e4n aikav\u00e4lin yll\u00e4pidon ja p\u00e4ivitykset, varmistaen ett\u00e4 julkiset investoinnit pysyv\u00e4t toimivina vuosikymmeni\u00e4. \u2022 Energiatehokkuus: Veden, l\u00e4mm\u00f6n ja s\u00e4hk\u00f6n automaattinen ohjaus pienent\u00e4\u00e4 hiilijalanj\u00e4lke\u00e4 ja s\u00e4\u00e4st\u00e4\u00e4 verovaroja. \u2022 Luotettava infra: Kest\u00e4v\u00e4t latausratkaisut julkisille ajoneuvokannuille ja vieraspys\u00e4k\u00f6intiin, jotka joustavat kuormituksen [&hellip;]<\/p>\n","protected":false},"author":2,"featured_media":76,"parent":0,"menu_order":0,"comment_status":"closed","ping_status":"closed","template":"","meta":{"footnotes":""},"class_list":["post-49","page","type-page","status-publish","has-post-thumbnail","hentry"],"_links":{"self":[{"href":"https:\/\/powertofield.com\/index.php\/wp-json\/wp\/v2\/pages\/49","targetHints":{"allow":["GET"]}}],"collection":[{"href":"https:\/\/powertofield.com\/index.php\/wp-json\/wp\/v2\/pages"}],"about":[{"href":"https:\/\/powertofield.com\/index.php\/wp-json\/wp\/v2\/types\/page"}],"author":[{"embeddable":true,"href":"https:\/\/powertofield.com\/index.php\/wp-json\/wp\/v2\/users\/2"}],"replies":[{"embeddable":true,"href":"https:\/\/powertofield.com\/index.php\/wp-json\/wp\/v2\/comments?post=49"}],"version-history":[{"count":2,"href":"https:\/\/powertofield.com\/index.php\/wp-json\/wp\/v2\/pages\/49\/revisions"}],"predecessor-version":[{"id":99,"href":"https:\/\/powertofield.com\/index.php\/wp-json\/wp\/v2\/pages\/49\/revisions\/99"}],"wp:featuredmedia":[{"embeddable":true,"href":"https:\/\/powertofield.com\/index.php\/wp-json\/wp\/v2\/media\/76"}],"wp:attachment":[{"href":"https:\/\/powertofield.com\/index.php\/wp-json\/wp\/v2\/media?parent=49"}],"curies":[{"name":"wp","href":"https:\/\/api.w.org\/{rel}","templated":true}]}}