{"id":47,"date":"2026-01-22T07:31:04","date_gmt":"2026-01-22T09:31:04","guid":{"rendered":"https:\/\/powertofield.com\/?page_id=47"},"modified":"2026-01-30T08:13:17","modified_gmt":"2026-01-30T10:13:17","slug":"asuintalot","status":"publish","type":"page","link":"https:\/\/powertofield.com\/index.php\/asuintalot\/","title":{"rendered":"Taloyhti\u00f6t"},"content":{"rendered":"\n<p><strong>Oikeudenmukaista ja tulevaisuudenkest\u00e4v\u00e4\u00e4 asumista<\/strong> Tarjoamme taloyhti\u00f6ille mielenrauhaa ratkaisemalla modernisoinnin tekniset ja hallinnolliset haasteet.<\/p>\n\n\n\n<p>\u2022 <strong>Arvon s\u00e4ilytt\u00e4minen:<\/strong> \u00c4lyk\u00e4s automaatio ja moderni infra yll\u00e4pit\u00e4v\u00e4t kiinteist\u00f6n j\u00e4lleenmyyntiarvoa kaikkien osakkaiden eduksi.<\/p>\n\n\n\n<p>\u2022 <strong>Optimaaliset olosuhteet:<\/strong> \u00c4lyk\u00e4s automaatio s\u00e4\u00e4t\u00e4\u00e4 sis\u00e4ilmaa todellisen k\u00e4yt\u00f6n perusteella, taaten asukkaille oikean l\u00e4mp\u00f6tilan oikeaan aikaan.<\/p>\n\n\n\n<p>\u2022 <strong>Reilu laskutus:<\/strong> J\u00e4rjestelm\u00e4mme kohdistaa lataustapahtumat k\u00e4ytt\u00e4j\u00e4kohtaisesti, varmistaen, etteiv\u00e4t osakkaat koskaan maksa naapurinsa s\u00e4hk\u00f6auton latauksesta.<\/p>\n\n\n\n<p><\/p>\n","protected":false},"excerpt":{"rendered":"<p>Oikeudenmukaista ja tulevaisuudenkest\u00e4v\u00e4\u00e4 asumista Tarjoamme taloyhti\u00f6ille mielenrauhaa ratkaisemalla modernisoinnin tekniset ja hallinnolliset haasteet. \u2022 Arvon s\u00e4ilytt\u00e4minen: \u00c4lyk\u00e4s automaatio ja moderni infra yll\u00e4pit\u00e4v\u00e4t kiinteist\u00f6n j\u00e4lleenmyyntiarvoa kaikkien osakkaiden eduksi. \u2022 Optimaaliset olosuhteet: \u00c4lyk\u00e4s automaatio s\u00e4\u00e4t\u00e4\u00e4 sis\u00e4ilmaa todellisen k\u00e4yt\u00f6n perusteella, taaten asukkaille oikean l\u00e4mp\u00f6tilan oikeaan aikaan. \u2022 Reilu laskutus: J\u00e4rjestelm\u00e4mme kohdistaa lataustapahtumat k\u00e4ytt\u00e4j\u00e4kohtaisesti, varmistaen, etteiv\u00e4t osakkaat koskaan maksa [&hellip;]<\/p>\n","protected":false},"author":2,"featured_media":107,"parent":0,"menu_order":0,"comment_status":"closed","ping_status":"closed","template":"","meta":{"footnotes":""},"class_list":["post-47","page","type-page","status-publish","has-post-thumbnail","hentry"],"_links":{"self":[{"href":"https:\/\/powertofield.com\/index.php\/wp-json\/wp\/v2\/pages\/47","targetHints":{"allow":["GET"]}}],"collection":[{"href":"https:\/\/powertofield.com\/index.php\/wp-json\/wp\/v2\/pages"}],"about":[{"href":"https:\/\/powertofield.com\/index.php\/wp-json\/wp\/v2\/types\/page"}],"author":[{"embeddable":true,"href":"https:\/\/powertofield.com\/index.php\/wp-json\/wp\/v2\/users\/2"}],"replies":[{"embeddable":true,"href":"https:\/\/powertofield.com\/index.php\/wp-json\/wp\/v2\/comments?post=47"}],"version-history":[{"count":3,"href":"https:\/\/powertofield.com\/index.php\/wp-json\/wp\/v2\/pages\/47\/revisions"}],"predecessor-version":[{"id":98,"href":"https:\/\/powertofield.com\/index.php\/wp-json\/wp\/v2\/pages\/47\/revisions\/98"}],"wp:featuredmedia":[{"embeddable":true,"href":"https:\/\/powertofield.com\/index.php\/wp-json\/wp\/v2\/media\/107"}],"wp:attachment":[{"href":"https:\/\/powertofield.com\/index.php\/wp-json\/wp\/v2\/media?parent=47"}],"curies":[{"name":"wp","href":"https:\/\/api.w.org\/{rel}","templated":true}]}}