{"id":32,"date":"2026-01-22T07:01:46","date_gmt":"2026-01-22T09:01:46","guid":{"rendered":"https:\/\/powertofield.com\/?page_id=32"},"modified":"2026-01-30T08:41:04","modified_gmt":"2026-01-30T10:41:04","slug":"yhteystiedot","status":"publish","type":"page","link":"https:\/\/powertofield.com\/index.php\/yhteystiedot\/","title":{"rendered":"Yhteystiedot"},"content":{"rendered":"\n<p><strong>MYYNTI<\/strong>\u200b<\/p>\n\n\n\n<p>\u200bJyrki Holmala\u200b<\/p>\n\n\n\n<p><a href=\"mailto:Jyrki.holmala@powertofield.com\" target=\"_blank\" rel=\"noreferrer noopener\">jyrki.holmala@powertofield.com<\/a>\u200b<\/p>\n\n\n\n<p>p. 0400 636956\u200b<\/p>\n\n\n\n<p>Sami Sailo<\/p>\n\n\n\n<p><a href=\"mailto:sami.sailo@powertofield.com\">sami.sailo@powertofield.com<\/a><\/p>\n\n\n\n<p>p. 050 4872169<\/p>\n\n\n\n<p><\/p>\n\n\n\n<p><strong>TOIMITUSJOHTAJA<\/strong>\u200b<\/p>\n\n\n\n<p>\u200bJukka R\u00e4ikk\u00f6nen\u200b<\/p>\n\n\n\n<p><a href=\"mailto:jukka.raikkonen@powertofield.com\" target=\"_blank\" rel=\"noreferrer noopener\">jukka.raikkonen@powertofield.com<\/a>\u200b<\/p>\n\n\n\n<p>p. 040 5442068\u200b<\/p>\n\n\n\n<p><\/p>\n\n\n\n<p><\/p>\n\n\n\n<p class=\"has-medium-font-size\"><strong><strong>Valmiina kiinteist\u00f6si p\u00e4ivitykseen?<\/strong> Kartoitetaan kiinteist\u00f6si potentiaali. Ota yhteytt\u00e4 jo t\u00e4n\u00e4\u00e4n, niin teemme selvityksen nykytilanteesta ja tiekartan \u00e4lykk\u00e4\u00e4mp\u00e4\u00e4n tulevaisuuteen<\/strong><\/p>\n\n\n\n<p>\u200b<\/p>\n\n\n<style id=\"wpforms-css-vars-58-block-25b973bf-f98e-463e-8c13-4c817da4643c\">\n\t\t\t\t#wpforms-58.wpforms-block-25b973bf-f98e-463e-8c13-4c817da4643c {\n\t\t\t\t--wpforms-field-size-input-height: 43px;\n--wpforms-field-size-input-spacing: 15px;\n--wpforms-field-size-font-size: 16px;\n--wpforms-field-size-line-height: 19px;\n--wpforms-field-size-padding-h: 14px;\n--wpforms-field-size-checkbox-size: 16px;\n--wpforms-field-size-sublabel-spacing: 5px;\n--wpforms-field-size-icon-size: 1;\n--wpforms-label-size-font-size: 16px;\n--wpforms-label-size-line-height: 19px;\n--wpforms-label-size-sublabel-font-size: 14px;\n--wpforms-label-size-sublabel-line-height: 17px;\n--wpforms-button-size-font-size: 17px;\n--wpforms-button-size-height: 41px;\n--wpforms-button-size-padding-h: 15px;\n--wpforms-button-size-margin-top: 10px;\n\t\t\t}\n\t\t\t<\/style><div class=\"wpforms-container wpforms-container-full wpforms-block wpforms-block-25b973bf-f98e-463e-8c13-4c817da4643c wpforms-render-modern\" id=\"wpforms-58\"><form id=\"wpforms-form-58\" class=\"wpforms-validate wpforms-form wpforms-ajax-form\" data-formid=\"58\" method=\"post\" enctype=\"multipart\/form-data\" action=\"\/index.php\/wp-json\/wp\/v2\/pages\/32\" data-token=\"201ed5b8b12a20fc262a5642240a989a\" data-token-time=\"1776345287\"><noscript class=\"wpforms-error-noscript\">Please enable JavaScript in your browser to complete this form.<\/noscript><div id=\"wpforms-error-noscript\" style=\"display: none;\">Please enable JavaScript in your browser to complete this form.<\/div><div class=\"wpforms-field-container\">\t\t<div id=\"wpforms-58-field_4-container\"\n\t\t\tclass=\"wpforms-field wpforms-field-text\"\n\t\t\tdata-field-type=\"text\"\n\t\t\tdata-field-id=\"4\"\n\t\t\t>\n\t\t\t<label class=\"wpforms-field-label\" for=\"wpforms-58-field_4\" >S\u00e4hk\u00f6posti Nimi Kommentit<\/label>\n\t\t\t<input type=\"text\" id=\"wpforms-58-field_4\" class=\"wpforms-field-medium\" name=\"wpforms[fields][4]\" >\n\t\t<\/div>\n\t\t<div id=\"wpforms-58-field_1-container\" class=\"wpforms-field wpforms-field-name\" data-field-id=\"1\"><label class=\"wpforms-field-label\" for=\"wpforms-58-field_1\">Nimi <span class=\"wpforms-required-label\" aria-hidden=\"true\">*<\/span><\/label><input type=\"text\" id=\"wpforms-58-field_1\" class=\"wpforms-field-medium wpforms-field-required\" name=\"wpforms[fields][1]\" aria-errormessage=\"wpforms-58-field_1-error\" required><\/div><div id=\"wpforms-58-field_2-container\" class=\"wpforms-field wpforms-field-email\" data-field-id=\"2\"><label class=\"wpforms-field-label\" for=\"wpforms-58-field_2\">S\u00e4hk\u00f6posti <span class=\"wpforms-required-label\" aria-hidden=\"true\">*<\/span><\/label><input type=\"email\" id=\"wpforms-58-field_2\" class=\"wpforms-field-medium wpforms-field-required\" name=\"wpforms[fields][2]\" spellcheck=\"false\" aria-errormessage=\"wpforms-58-field_2-error\" required><\/div><div id=\"wpforms-58-field_3-container\" class=\"wpforms-field wpforms-field-textarea\" data-field-id=\"3\"><label class=\"wpforms-field-label\" for=\"wpforms-58-field_3\">Kommentit<\/label><textarea id=\"wpforms-58-field_3\" class=\"wpforms-field-medium\" name=\"wpforms[fields][3]\" aria-errormessage=\"wpforms-58-field_3-error\" ><\/textarea><\/div><script>\n\t\t\t\t( function() {\n\t\t\t\t\tconst style = document.createElement( 'style' );\n\t\t\t\t\tstyle.appendChild( document.createTextNode( '#wpforms-58-field_4-container { position: absolute !important; overflow: hidden !important; display: inline !important; height: 1px !important; width: 1px !important; z-index: -1000 !important; padding: 0 !important; } #wpforms-58-field_4-container input { visibility: hidden; } #wpforms-conversational-form-page #wpforms-58-field_4-container label { counter-increment: none; }' ) );\n\t\t\t\t\tdocument.head.appendChild( style );\n\t\t\t\t\tdocument.currentScript?.remove();\n\t\t\t\t} )();\n\t\t\t<\/script><\/div><!-- .wpforms-field-container --><div class=\"wpforms-submit-container\" ><input type=\"hidden\" name=\"wpforms[id]\" value=\"58\"><input type=\"hidden\" name=\"page_title\" value=\"\"><input type=\"hidden\" name=\"page_url\" value=\"https:\/\/powertofield.com\/index.php\/wp-json\/wp\/v2\/pages\/32\"><input type=\"hidden\" name=\"url_referer\" value=\"\"><button type=\"submit\" name=\"wpforms[submit]\" id=\"wpforms-submit-58\" class=\"wpforms-submit\" data-alt-text=\"Sending...\" data-submit-text=\"Submit\" aria-live=\"assertive\" value=\"wpforms-submit\">Submit<\/button><img loading=\"lazy\" decoding=\"async\" src=\"https:\/\/powertofield.com\/wp-content\/plugins\/wpforms-lite\/assets\/images\/submit-spin.svg\" class=\"wpforms-submit-spinner\" style=\"display: none;\" width=\"26\" height=\"26\" alt=\"Loading\"><\/div><\/form><\/div>  <!-- .wpforms-container -->\n\n\n<p><\/p>\n","protected":false},"excerpt":{"rendered":"<p>MYYNTI\u200b \u200bJyrki Holmala\u200b jyrki.holmala@powertofield.com\u200b p. 0400 636956\u200b Sami Sailo sami.sailo@powertofield.com p. 050 4872169 TOIMITUSJOHTAJA\u200b \u200bJukka R\u00e4ikk\u00f6nen\u200b jukka.raikkonen@powertofield.com\u200b p. 040 5442068\u200b Valmiina kiinteist\u00f6si p\u00e4ivitykseen? Kartoitetaan kiinteist\u00f6si potentiaali. Ota yhteytt\u00e4 jo t\u00e4n\u00e4\u00e4n, niin teemme selvityksen nykytilanteesta ja tiekartan \u00e4lykk\u00e4\u00e4mp\u00e4\u00e4n tulevaisuuteen \u200b<\/p>\n","protected":false},"author":2,"featured_media":109,"parent":0,"menu_order":0,"comment_status":"closed","ping_status":"closed","template":"","meta":{"footnotes":""},"class_list":["post-32","page","type-page","status-publish","has-post-thumbnail","hentry"],"_links":{"self":[{"href":"https:\/\/powertofield.com\/index.php\/wp-json\/wp\/v2\/pages\/32","targetHints":{"allow":["GET"]}}],"collection":[{"href":"https:\/\/powertofield.com\/index.php\/wp-json\/wp\/v2\/pages"}],"about":[{"href":"https:\/\/powertofield.com\/index.php\/wp-json\/wp\/v2\/types\/page"}],"author":[{"embeddable":true,"href":"https:\/\/powertofield.com\/index.php\/wp-json\/wp\/v2\/users\/2"}],"replies":[{"embeddable":true,"href":"https:\/\/powertofield.com\/index.php\/wp-json\/wp\/v2\/comments?post=32"}],"version-history":[{"count":11,"href":"https:\/\/powertofield.com\/index.php\/wp-json\/wp\/v2\/pages\/32\/revisions"}],"predecessor-version":[{"id":114,"href":"https:\/\/powertofield.com\/index.php\/wp-json\/wp\/v2\/pages\/32\/revisions\/114"}],"wp:featuredmedia":[{"embeddable":true,"href":"https:\/\/powertofield.com\/index.php\/wp-json\/wp\/v2\/media\/109"}],"wp:attachment":[{"href":"https:\/\/powertofield.com\/index.php\/wp-json\/wp\/v2\/media?parent=32"}],"curies":[{"name":"wp","href":"https:\/\/api.w.org\/{rel}","templated":true}]}}