{"id":30,"date":"2026-01-22T07:01:23","date_gmt":"2026-01-22T09:01:23","guid":{"rendered":"https:\/\/powertofield.com\/?page_id=30"},"modified":"2026-01-30T08:26:57","modified_gmt":"2026-01-30T10:26:57","slug":"kumppaneille","status":"publish","type":"page","link":"https:\/\/powertofield.com\/index.php\/kumppaneille\/","title":{"rendered":"Kumppaneille"},"content":{"rendered":"\n<p>Rakennamme valtakunnallista ja jatkossa kansainv\u00e4list\u00e4 kumppaniverkostoa. Teemme win-win yhteisty\u00f6t\u00e4 eri kumppanien kanssa\u200b<\/p>\n\n\n\n<p>\u200b<\/p>\n\n\n\n<ul class=\"wp-block-list\">\n<li>Suunnittelijat ja urakoitsijat voivat tehd\u00e4 projekteissamme suunnittelu-, asennus- ja huoltoty\u00f6t\u00e4. Yhteisty\u00f6 voi olla digitaalisen alustamme kautta \u201dkeikkakohtaista\u201d tai pitk\u00e4aikaista kumppanuutta.\u200b<\/li>\n\n\n\n<li>Laitevalmistajien kanssa teemme mielell\u00e4mme yhteisty\u00f6t\u00e4 laitteiden asennus- ja huoltoprosessien teollistamisen ja digitalisoinnin edist\u00e4miseksi.\u200b<\/li>\n\n\n\n<li>Taustaj\u00e4rjestelm\u00e4toimijoiden kanssa voimme rakentaa yhdess\u00e4 kokonaispalvelun, jossa meid\u00e4n roolimme keskittyy latausinfran paikan p\u00e4\u00e4ll\u00e4 teht\u00e4viin asennus-, huolto- ja muihin teknisiin t\u00f6ihin.\u200b<\/li>\n\n\n\n<li>Operaattoreille voimme tarjota tarpeen mukaan kohdennettuja kentt\u00e4palveluita suunnitteluun, asennukseen ja huoltoon.\u200b<\/li>\n<\/ul>\n\n\n\n<p>\u200b<\/p>\n\n\n\n<p><\/p>\n","protected":false},"excerpt":{"rendered":"<p>Rakennamme valtakunnallista ja jatkossa kansainv\u00e4list\u00e4 kumppaniverkostoa. Teemme win-win yhteisty\u00f6t\u00e4 eri kumppanien kanssa\u200b \u200b \u200b<\/p>\n","protected":false},"author":2,"featured_media":109,"parent":0,"menu_order":0,"comment_status":"closed","ping_status":"closed","template":"","meta":{"footnotes":""},"class_list":["post-30","page","type-page","status-publish","has-post-thumbnail","hentry"],"_links":{"self":[{"href":"https:\/\/powertofield.com\/index.php\/wp-json\/wp\/v2\/pages\/30","targetHints":{"allow":["GET"]}}],"collection":[{"href":"https:\/\/powertofield.com\/index.php\/wp-json\/wp\/v2\/pages"}],"about":[{"href":"https:\/\/powertofield.com\/index.php\/wp-json\/wp\/v2\/types\/page"}],"author":[{"embeddable":true,"href":"https:\/\/powertofield.com\/index.php\/wp-json\/wp\/v2\/users\/2"}],"replies":[{"embeddable":true,"href":"https:\/\/powertofield.com\/index.php\/wp-json\/wp\/v2\/comments?post=30"}],"version-history":[{"count":4,"href":"https:\/\/powertofield.com\/index.php\/wp-json\/wp\/v2\/pages\/30\/revisions"}],"predecessor-version":[{"id":57,"href":"https:\/\/powertofield.com\/index.php\/wp-json\/wp\/v2\/pages\/30\/revisions\/57"}],"wp:featuredmedia":[{"embeddable":true,"href":"https:\/\/powertofield.com\/index.php\/wp-json\/wp\/v2\/media\/109"}],"wp:attachment":[{"href":"https:\/\/powertofield.com\/index.php\/wp-json\/wp\/v2\/media?parent=30"}],"curies":[{"name":"wp","href":"https:\/\/api.w.org\/{rel}","templated":true}]}}