{"id":17,"date":"2026-01-22T06:48:18","date_gmt":"2026-01-22T08:48:18","guid":{"rendered":"https:\/\/powertofield.com\/?page_id=17"},"modified":"2026-01-30T07:58:05","modified_gmt":"2026-01-30T09:58:05","slug":"powertofield-oy","status":"publish","type":"page","link":"https:\/\/powertofield.com\/","title":{"rendered":"Kiinteist\u00f6si energiaoptimoinnin kumppani \u2013 Nyt ja tulevaisuudessa"},"content":{"rendered":"\n<p>PowerToField yhdist\u00e4\u00e4 modernin s\u00e4hk\u00f6urakoinnin, \u00e4lykk\u00e4\u00e4n taloautomaation ja s\u00e4hk\u00f6autojen latausratkaisut tuottavaksi kokonaisuudeksi<\/p>\n\n\n\n<p><\/p>\n\n\n\n<ul class=\"wp-block-list\">\n<li><strong>Keit\u00e4 olemme<\/strong>: Olemme suomalainen energiaoptimoinnin edell\u00e4k\u00e4vij\u00e4. <br><br>Tarjoamme enemm\u00e4n kuin perinteist\u00e4 s\u00e4hk\u00f6urakointia: myymme \n<ul class=\"wp-block-list\">\n<li>\u00e4lykkyytt\u00e4, <\/li>\n\n\n\n<li>s\u00e4\u00e4st\u00f6j\u00e4 ja <\/li>\n\n\n\n<li>tulevaisuudenkest\u00e4vyytt\u00e4 <br>varmistaen, ett\u00e4 kiinteist\u00f6si arvo s\u00e4ilyy ja energiakustannukset pysyv\u00e4t kurissa.<br><\/li>\n<\/ul>\n<\/li>\n\n\n\n<li><strong>Miksi valita meid\u00e4t?<\/strong>\n<ul class=\"wp-block-list\">\n<li><strong>Enemm\u00e4n kuin johtoja:<\/strong> Emme vain asenna kaapeleita, vaan luomme \u00e4lykk\u00e4it\u00e4 j\u00e4rjestelmi\u00e4, jotka hallitsevat kiinteist\u00f6n l\u00e4mp\u00f6\u00e4, vett\u00e4 ja s\u00e4hk\u00f6\u00e4 reaaliajassa,.<\/li>\n\n\n\n<li><strong>Elinkaarivastuu:<\/strong> Pysymme kumppaninasi j\u00e4rjestelm\u00e4n koko elinkaaren ajan \u2013 alkukartoituksesta ja asennuksesta yll\u00e4pitoon ja ohjelmistop\u00e4ivityksiin saakka.<\/li>\n\n\n\n<li><strong>\u00c4lykk\u00e4\u00e4t s\u00e4\u00e4st\u00f6t:<\/strong> Muutamme rakennuksesi tuottavaksi kokonaisuudeksi, joka hy\u00f6dynt\u00e4\u00e4 energiaa juuri silloin, kun se on edullisinta<\/li>\n<\/ul>\n<\/li>\n<\/ul>\n\n\n\n<p><\/p>\n","protected":false},"excerpt":{"rendered":"<p>PowerToField yhdist\u00e4\u00e4 modernin s\u00e4hk\u00f6urakoinnin, \u00e4lykk\u00e4\u00e4n taloautomaation ja s\u00e4hk\u00f6autojen latausratkaisut tuottavaksi kokonaisuudeksi<\/p>\n","protected":false},"author":2,"featured_media":104,"parent":0,"menu_order":0,"comment_status":"closed","ping_status":"closed","template":"","meta":{"footnotes":""},"class_list":["post-17","page","type-page","status-publish","has-post-thumbnail","hentry"],"_links":{"self":[{"href":"https:\/\/powertofield.com\/index.php\/wp-json\/wp\/v2\/pages\/17","targetHints":{"allow":["GET"]}}],"collection":[{"href":"https:\/\/powertofield.com\/index.php\/wp-json\/wp\/v2\/pages"}],"about":[{"href":"https:\/\/powertofield.com\/index.php\/wp-json\/wp\/v2\/types\/page"}],"author":[{"embeddable":true,"href":"https:\/\/powertofield.com\/index.php\/wp-json\/wp\/v2\/users\/2"}],"replies":[{"embeddable":true,"href":"https:\/\/powertofield.com\/index.php\/wp-json\/wp\/v2\/comments?post=17"}],"version-history":[{"count":2,"href":"https:\/\/powertofield.com\/index.php\/wp-json\/wp\/v2\/pages\/17\/revisions"}],"predecessor-version":[{"id":93,"href":"https:\/\/powertofield.com\/index.php\/wp-json\/wp\/v2\/pages\/17\/revisions\/93"}],"wp:featuredmedia":[{"embeddable":true,"href":"https:\/\/powertofield.com\/index.php\/wp-json\/wp\/v2\/media\/104"}],"wp:attachment":[{"href":"https:\/\/powertofield.com\/index.php\/wp-json\/wp\/v2\/media?parent=17"}],"curies":[{"name":"wp","href":"https:\/\/api.w.org\/{rel}","templated":true}]}}