{"id":100,"date":"2026-01-23T09:16:05","date_gmt":"2026-01-23T11:16:05","guid":{"rendered":"https:\/\/powertofield.com\/?page_id=100"},"modified":"2026-01-30T08:15:19","modified_gmt":"2026-01-30T10:15:19","slug":"teo","status":"publish","type":"page","link":"https:\/\/powertofield.com\/index.php\/teo\/","title":{"rendered":"Kaupan ja teollisuuden kiinteist\u00f6t"},"content":{"rendered":"\n<p><strong>Virtaa tuotantoon ja logistiikkaan<\/strong> Teollisuus- ja logistiikkakiinteist\u00f6iss\u00e4 muutamme energianhallinnan kilpailueduksi,.<\/p>\n\n\n\n<p>\u2022 <strong>Huippujen tasaaminen (Peak Shaving):<\/strong> Integroimalla suuret akkuvarastot ja aurinkovoiman autamme tasaamaan kulutushuippuja ja v\u00e4ltt\u00e4m\u00e4\u00e4n kalliit tehomaksut,.<\/p>\n\n\n\n<p>\u2022 <strong>Kaluston valmius:<\/strong> Suuritehoinen latausinfra, joka on suunniteltu erityisesti logistiikan ja raskaan kaluston vaatimuksiin.<\/p>\n\n\n\n<p>\u2022 <strong>Tiedolla johtaminen:<\/strong> J\u00e4rjestelm\u00e4mme tarjoavat yll\u00e4pit\u00e4jille kattavat raportit energiank\u00e4yt\u00f6st\u00e4 ja k\u00e4ytt\u00e4j\u00e4tiedoista, mik\u00e4 helpottaa kirjanpitoa ja optimointia.<\/p>\n\n\n\n<p><\/p>\n","protected":false},"excerpt":{"rendered":"<p>Virtaa tuotantoon ja logistiikkaan Teollisuus- ja logistiikkakiinteist\u00f6iss\u00e4 muutamme energianhallinnan kilpailueduksi,. \u2022 Huippujen tasaaminen (Peak Shaving): Integroimalla suuret akkuvarastot ja aurinkovoiman autamme tasaamaan kulutushuippuja ja v\u00e4ltt\u00e4m\u00e4\u00e4n kalliit tehomaksut,. \u2022 Kaluston valmius: Suuritehoinen latausinfra, joka on suunniteltu erityisesti logistiikan ja raskaan kaluston vaatimuksiin. \u2022 Tiedolla johtaminen: J\u00e4rjestelm\u00e4mme tarjoavat yll\u00e4pit\u00e4jille kattavat raportit energiank\u00e4yt\u00f6st\u00e4 ja k\u00e4ytt\u00e4j\u00e4tiedoista, mik\u00e4 helpottaa kirjanpitoa [&hellip;]<\/p>\n","protected":false},"author":1,"featured_media":108,"parent":0,"menu_order":0,"comment_status":"closed","ping_status":"closed","template":"","meta":{"footnotes":""},"class_list":["post-100","page","type-page","status-publish","has-post-thumbnail","hentry"],"_links":{"self":[{"href":"https:\/\/powertofield.com\/index.php\/wp-json\/wp\/v2\/pages\/100","targetHints":{"allow":["GET"]}}],"collection":[{"href":"https:\/\/powertofield.com\/index.php\/wp-json\/wp\/v2\/pages"}],"about":[{"href":"https:\/\/powertofield.com\/index.php\/wp-json\/wp\/v2\/types\/page"}],"author":[{"embeddable":true,"href":"https:\/\/powertofield.com\/index.php\/wp-json\/wp\/v2\/users\/1"}],"replies":[{"embeddable":true,"href":"https:\/\/powertofield.com\/index.php\/wp-json\/wp\/v2\/comments?post=100"}],"version-history":[{"count":2,"href":"https:\/\/powertofield.com\/index.php\/wp-json\/wp\/v2\/pages\/100\/revisions"}],"predecessor-version":[{"id":102,"href":"https:\/\/powertofield.com\/index.php\/wp-json\/wp\/v2\/pages\/100\/revisions\/102"}],"wp:featuredmedia":[{"embeddable":true,"href":"https:\/\/powertofield.com\/index.php\/wp-json\/wp\/v2\/media\/108"}],"wp:attachment":[{"href":"https:\/\/powertofield.com\/index.php\/wp-json\/wp\/v2\/media?parent=100"}],"curies":[{"name":"wp","href":"https:\/\/api.w.org\/{rel}","templated":true}]}}